{"id":139,"date":"2025-01-20T08:41:00","date_gmt":"2025-01-20T07:41:00","guid":{"rendered":"https:\/\/hemergens.fr\/?page_id=139"},"modified":"2025-01-26T14:11:13","modified_gmt":"2025-01-26T13:11:13","slug":"coaching-collectif","status":"publish","type":"page","link":"https:\/\/hemergens.fr\/index.php\/coaching-collectif\/","title":{"rendered":"Coaching collectif"},"content":{"rendered":"\n<div class=\"wp-block-group alignfull has-mono-4-background-color has-background has-global-padding is-layout-constrained wp-container-core-group-is-layout-f5299dc5 wp-block-group-is-layout-constrained\" style=\"margin-top:0;margin-bottom:0;padding-top:var(--wp--preset--spacing--superbspacing-small);padding-right:var(--wp--preset--spacing--superbspacing-small);padding-bottom:var(--wp--preset--spacing--superbspacing-small);padding-left:var(--wp--preset--spacing--superbspacing-small)\">\n<div class=\"wp-block-columns alignwide is-layout-flex wp-container-core-columns-is-layout-25593187 wp-block-columns-is-layout-flex\">\n<div class=\"wp-block-column is-vertically-aligned-center is-layout-flow wp-container-core-column-is-layout-a1628350 wp-block-column-is-layout-flow\" style=\"padding-top:0;padding-right:0;padding-bottom:0;padding-left:0\">\n<div class=\"wp-block-group is-layout-flow wp-container-core-group-is-layout-ff697075 wp-block-group-is-layout-flow\">\n<p class=\"has-mono-1-color has-text-color has-link-color has-superbfont-medium-font-size wp-elements-64bcfa32cfa692c9c442e64a5d6509af\" style=\"padding-top:var(--wp--preset--spacing--superbspacing-xxsmall);padding-bottom:var(--wp--preset--spacing--superbspacing-xxsmall)\">L\u2019accompagnement d\u2019une \u00e9quipe a pour objectif principal de renforcer la <strong>performance globale <\/strong>d\u2019une \u00e9quipe et l\u2019<strong>engagement des collaborateurs<\/strong>. Il peut se d\u00e9rouler sur une p\u00e9riode courte, sous forme de s\u00e9minaires par exemple, ou sur un dur\u00e9e plus longue.&nbsp;<\/p>\n\n\n\n<p class=\"has-mono-1-color has-text-color has-link-color has-superbfont-medium-font-size wp-elements-3465576ffb6532b671666279beb2fb9a\" style=\"padding-top:var(--wp--preset--spacing--superbspacing-xxsmall);padding-bottom:var(--wp--preset--spacing--superbspacing-xxsmall)\">Les th\u00e8mes abord\u00e9s en coaching d\u2019\u00e9quipe sont vari\u00e9s : d\u00e9velopper la <strong>communication<\/strong> de son \u00e9quipe, am\u00e9liorer les <strong>synergies<\/strong>, mieux travailler ensemble, renforcer la <strong>coh\u00e9sion<\/strong>, accompagner un changement, \u2026&nbsp;<\/p>\n<\/div>\n<\/div>\n\n\n\n<div class=\"wp-block-column is-vertically-aligned-center is-layout-flow wp-container-core-column-is-layout-40a2a7e8 wp-block-column-is-layout-flow\" style=\"padding-right:0;padding-bottom:0;padding-left:0\">\n<figure class=\"wp-block-image size-full has-custom-border\"><img loading=\"lazy\" decoding=\"async\" width=\"861\" height=\"576\" src=\"https:\/\/hemergens.fr\/wp-content\/uploads\/2025\/01\/11.png\" alt=\"\" class=\"wp-image-488\" style=\"border-radius:8px\" srcset=\"https:\/\/hemergens.fr\/wp-content\/uploads\/2025\/01\/11.png 861w, https:\/\/hemergens.fr\/wp-content\/uploads\/2025\/01\/11-300x201.png 300w, https:\/\/hemergens.fr\/wp-content\/uploads\/2025\/01\/11-768x514.png 768w\" sizes=\"auto, (max-width: 861px) 100vw, 861px\" \/><\/figure>\n<\/div>\n<\/div>\n\n\n\n<p class=\"has-mono-1-color has-text-color has-link-color has-superbfont-medium-font-size wp-elements-8cb4f230bfb7eb38910d50632d3e55d0\" style=\"padding-top:var(--wp--preset--spacing--superbspacing-xsmall);padding-bottom:var(--wp--preset--spacing--superbspacing-xsmall)\">J\u2019interviens \u00e9galement en tant que formateur sur des th\u00e9matiques li\u00e9es au management ou la conduite de changement.&nbsp;<\/p>\n<\/div>\n\n\n\n<div class=\"wp-block-columns is-layout-flex wp-container-core-columns-is-layout-28f84493 wp-block-columns-is-layout-flex\">\n<div class=\"wp-block-column is-vertically-aligned-center is-layout-flow wp-block-column-is-layout-flow\" style=\"flex-basis:66.66%\">\n<p class=\"has-mono-1-color has-text-color has-link-color has-superbfont-medium-font-size wp-elements-351014cebec0698d06132e36332f8a4f\">Pour \u00e9changer plus pr\u00e9cis\u00e9ment sur votre besoin, n\u2019h\u00e9sitez pas \u00e0 me contacter.<\/p>\n<\/div>\n\n\n\n<div class=\"wp-block-column is-vertically-aligned-bottom is-layout-flow wp-block-column-is-layout-flow\" style=\"flex-basis:33.33%\">\n<div class=\"wp-block-buttons is-layout-flex wp-block-buttons-is-layout-flex\" style=\"padding-top:var(--wp--preset--spacing--superbspacing-small);padding-bottom:var(--wp--preset--spacing--superbspacing-small)\">\n<div class=\"wp-block-button has-custom-font-size has-superbfont-medium-font-size\"><a class=\"wp-block-button__link has-contrast-light-color has-text-color has-background has-link-color wp-element-button\" href=\"https:\/\/hemergens.fr\/index.php\/contactez-moi\/\" style=\"background-color:#272a8b\">Me contacter<\/a><\/div>\n<\/div>\n<\/div>\n<\/div>\n","protected":false},"excerpt":{"rendered":"<p>L\u2019accompagnement d\u2019une \u00e9quipe a pour objectif principal de renforcer la performance globale d\u2019une \u00e9quipe et l\u2019engagement des collaborateurs. Il peut se d\u00e9rouler sur une p\u00e9riode courte, sous forme de s\u00e9minaires par exemple, ou sur un dur\u00e9e plus longue.&nbsp; Les th\u00e8mes abord\u00e9s en coaching d\u2019\u00e9quipe sont vari\u00e9s : d\u00e9velopper la communication de son \u00e9quipe, am\u00e9liorer les [&hellip;]<\/p>\n","protected":false},"author":1,"featured_media":0,"parent":0,"menu_order":0,"comment_status":"closed","ping_status":"closed","template":"","meta":{"footnotes":""},"class_list":["post-139","page","type-page","status-publish","hentry"],"_links":{"self":[{"href":"https:\/\/hemergens.fr\/index.php\/wp-json\/wp\/v2\/pages\/139","targetHints":{"allow":["GET"]}}],"collection":[{"href":"https:\/\/hemergens.fr\/index.php\/wp-json\/wp\/v2\/pages"}],"about":[{"href":"https:\/\/hemergens.fr\/index.php\/wp-json\/wp\/v2\/types\/page"}],"author":[{"embeddable":true,"href":"https:\/\/hemergens.fr\/index.php\/wp-json\/wp\/v2\/users\/1"}],"replies":[{"embeddable":true,"href":"https:\/\/hemergens.fr\/index.php\/wp-json\/wp\/v2\/comments?post=139"}],"version-history":[{"count":32,"href":"https:\/\/hemergens.fr\/index.php\/wp-json\/wp\/v2\/pages\/139\/revisions"}],"predecessor-version":[{"id":730,"href":"https:\/\/hemergens.fr\/index.php\/wp-json\/wp\/v2\/pages\/139\/revisions\/730"}],"wp:attachment":[{"href":"https:\/\/hemergens.fr\/index.php\/wp-json\/wp\/v2\/media?parent=139"}],"curies":[{"name":"wp","href":"https:\/\/api.w.org\/{rel}","templated":true}]}}