{"id":735,"date":"2025-01-27T10:12:08","date_gmt":"2025-01-27T09:12:08","guid":{"rendered":"https:\/\/hemergens.fr\/?page_id=735"},"modified":"2025-01-27T10:14:57","modified_gmt":"2025-01-27T09:14:57","slug":"mentions-legales","status":"publish","type":"page","link":"https:\/\/hemergens.fr\/index.php\/mentions-legales\/","title":{"rendered":"mentions l\u00e9gales"},"content":{"rendered":"\n<p><strong>En vigueur au 27\/01\/2025\u00a0<\/strong><\/p>\n\n\n\n<p>Conform\u00e9ment aux dispositions de la loi n\u00b02004-575 du 21 juin 2004 pour la Confiance en l\u2019\u00e9conomie num\u00e9rique, il est port\u00e9 \u00e0 la connaissance des utilisateurs et visiteurs, ci-apr\u00e8s l&rsquo; \u00ab\u00a0<strong>Utilisateur<\/strong>\u00ab\u00a0, du site https:\/\/www.hemergens.fr , ci-apr\u00e8s le \u00ab\u00a0<strong>Site<\/strong>\u00ab\u00a0, les pr\u00e9sentes mentions l\u00e9gales.&nbsp;<\/p>\n\n\n\n<p>La connexion et la navigation sur le Site par l\u2019Utilisateur implique acceptation int\u00e9grale et sans r\u00e9serve des pr\u00e9sentes mentions l\u00e9gales.&nbsp;<\/p>\n\n\n\n<p>Ces derni\u00e8res sont accessibles sur le Site \u00e0 la rubrique \u00ab\u00a0<strong>mentions l\u00e9gales<\/strong>\u00ab\u00a0.\u00a0<\/p>\n\n\n\n<p><strong>EDITION DU SITE<\/strong>&nbsp;<\/p>\n\n\n\n<p>L&rsquo;\u00e9dition du Site est assur\u00e9e par la&nbsp;micro-entreprise de Monsieur Ludovic HAMELIN, nom commercial Hemergens, affilit\u00e9e \u00e0l\u2019URSSAF sous le num\u00e9ro 91118654200013 dont le si\u00e8ge social est situ\u00e9 au 30 rue du souvenir, 78600 Maisons-Laffitte,&nbsp;&nbsp;<\/p>\n\n\n\n<p>&gt; <strong>Adresse e-mail<\/strong> : contact@hemergens.fr&nbsp;<\/p>\n\n\n\n<p>&gt; <strong>Directeur de la publication<\/strong> : Ludovic HAMELIN&nbsp;<\/p>\n\n\n\n<p>ci-apr\u00e8s l'\u00a0\u00bb<strong>Editeur<\/strong>\u00ab\u00a0.&nbsp;<\/p>\n\n\n\n<p><strong>HEBERGEUR<\/strong>&nbsp;<\/p>\n\n\n\n<p>L&rsquo;h\u00e9bergeur du Site est la soci\u00e9t\u00e9 OVH, dont le si\u00e8ge social est situ\u00e9 au&nbsp; 2 rue kellermann &#8211; BP 80157 59053 ROUBAIX CEDEX 1 &#8211; France .&nbsp;&nbsp;<\/p>\n\n\n\n<p><strong>ACCES AU SITE<\/strong>&nbsp;<\/p>\n\n\n\n<p>Le Site est normalement accessible, \u00e0 tout moment, \u00e0 l&rsquo;Utilisateur. Toutefois, l&rsquo;Editeur pourra, \u00e0 tout moment, suspendre, limiter ou interrompre le Site afin de proc\u00e9der, notamment, \u00e0 des mises \u00e0 jour ou des modifications de son contenu. L&rsquo;Editeur ne pourra en aucun cas \u00eatre tenu responsable des cons\u00e9quences \u00e9ventuelles de cette indisponibilit\u00e9 sur les activit\u00e9s de l&rsquo;Utilisateur.&nbsp;<\/p>\n\n\n\n<p><strong>COLLECTE DES DONNEES<\/strong>&nbsp;<\/p>\n\n\n\n<p>Les adresses personnelles recueillies sur le site r\u00e9sultent de la communication volontaire d\u2019une adresse de courrier \u00e9lectronique lors d\u2019un d\u00e9p\u00f4t d\u2019un message \u00e9lectronique. Les adresses e-mail recueillies ne servent qu\u2019\u00e0 la transmission des \u00e9l\u00e9ments d\u2019informations demand\u00e9s.&nbsp;<br>Le Site peut r\u00e9colter sur la base du volontariat une collecte de donn\u00e9es personnelles de l\u2019Utilisateur dans le respect de la vie priv\u00e9e conform\u00e9ment \u00e0 la loi n\u00b078-17 du 6 janvier 1978 relative \u00e0 l&rsquo;informatique, aux fichiers&nbsp; aux libert\u00e9s et dans le respect de la r\u00e8glementation applicable en mati\u00e8re de traitement des donn\u00e9es \u00e0 caract\u00e8re personnel conform\u00e9ment au r\u00e8glement (UE) 2016\/679 du Parlement europ\u00e9en et du Conseil du 27 avril 2016 (ci-apr\u00e8s, ensemble, la \u00ab\u00a0<strong>R\u00e8glementation applicable en mati\u00e8re de protection des Donn\u00e9es \u00e0 caract\u00e8re personnel<\/strong>\u00ab\u00a0).&nbsp;<\/p>\n\n\n\n<p>Ces donn\u00e9es ne sont utilis\u00e9es que par Ludovic HAMELIN et sont conserv\u00e9es de mani\u00e8re confidentielle. Elles ne sont conserv\u00e9es que le temps strictement n\u00e9cessaire \u00e0 leur usage \u00e0 savoir la communication avec l\u2019Utilisateur dans le cadre d\u2019un accompagnement ou une demande d\u2019informations par l\u2019Utilisateur.&nbsp;<\/p>\n\n\n\n<p>En vertu de la R\u00e8glementation applicable en mati\u00e8re de protection des Donn\u00e9es \u00e0 caract\u00e8re personnel, l&rsquo;Utilisateur dispose d&rsquo;un droit d&rsquo;acc\u00e8s, de rectification, de suppression et d&rsquo;opposition de ses donn\u00e9es personnelles. L&rsquo;Utilisateur peut exercer ce droit :&nbsp;<\/p>\n\n\n\n<ul class=\"wp-block-list\">\n<li>par mail \u00e0 l&rsquo;adresse email contact@hemergens.fr\u00a0<\/li>\n<\/ul>\n\n\n\n<p>Toute utilisation, reproduction, diffusion, commercialisation, modification de toute ou partie du Site\ufeff, sans autorisation expresse de l\u2019Editeur est prohib\u00e9e et pourra entra\u00eener des actions et poursuites judiciaires telles que pr\u00e9vues par la r\u00e8glementation en vigueur.&nbsp;<\/p>\n","protected":false},"excerpt":{"rendered":"<p>En vigueur au 27\/01\/2025\u00a0 Conform\u00e9ment aux dispositions de la loi n\u00b02004-575 du 21 juin 2004 pour la Confiance en l\u2019\u00e9conomie num\u00e9rique, il est port\u00e9 \u00e0 la connaissance des utilisateurs et visiteurs, ci-apr\u00e8s l&rsquo; \u00ab\u00a0Utilisateur\u00ab\u00a0, du site https:\/\/www.hemergens.fr , ci-apr\u00e8s le \u00ab\u00a0Site\u00ab\u00a0, les pr\u00e9sentes mentions l\u00e9gales.&nbsp; La connexion et la navigation sur le Site par l\u2019Utilisateur [&hellip;]<\/p>\n","protected":false},"author":1,"featured_media":0,"parent":0,"menu_order":0,"comment_status":"closed","ping_status":"closed","template":"","meta":{"footnotes":""},"class_list":["post-735","page","type-page","status-publish","hentry"],"_links":{"self":[{"href":"https:\/\/hemergens.fr\/index.php\/wp-json\/wp\/v2\/pages\/735","targetHints":{"allow":["GET"]}}],"collection":[{"href":"https:\/\/hemergens.fr\/index.php\/wp-json\/wp\/v2\/pages"}],"about":[{"href":"https:\/\/hemergens.fr\/index.php\/wp-json\/wp\/v2\/types\/page"}],"author":[{"embeddable":true,"href":"https:\/\/hemergens.fr\/index.php\/wp-json\/wp\/v2\/users\/1"}],"replies":[{"embeddable":true,"href":"https:\/\/hemergens.fr\/index.php\/wp-json\/wp\/v2\/comments?post=735"}],"version-history":[{"count":4,"href":"https:\/\/hemergens.fr\/index.php\/wp-json\/wp\/v2\/pages\/735\/revisions"}],"predecessor-version":[{"id":743,"href":"https:\/\/hemergens.fr\/index.php\/wp-json\/wp\/v2\/pages\/735\/revisions\/743"}],"wp:attachment":[{"href":"https:\/\/hemergens.fr\/index.php\/wp-json\/wp\/v2\/media?parent=735"}],"curies":[{"name":"wp","href":"https:\/\/api.w.org\/{rel}","templated":true}]}}