{"id":753,"date":"2025-03-06T12:01:27","date_gmt":"2025-03-06T11:01:27","guid":{"rendered":"https:\/\/hemergens.fr\/?page_id=753"},"modified":"2025-11-11T14:43:27","modified_gmt":"2025-11-11T13:43:27","slug":"mastermind","status":"publish","type":"page","link":"https:\/\/hemergens.fr\/index.php\/mastermind\/","title":{"rendered":"Mastermind"},"content":{"rendered":"\n<p class=\"has-mono-1-color has-text-color has-link-color has-superbfont-medium-font-size wp-elements-22de90b742dd85309c6d8fdcc2178c97\">Un Mastermind est un groupe d\u2019entrepreneurs qui se r\u00e9unissent r\u00e9guli\u00e8rement pour partager leurs id\u00e9es, leurs exp\u00e9riences et leurs d\u00e9fis. Ensemble, ils s\u2019entraident pour trouver des solutions, progresser plus rapidement et atteindre leurs objectifs.<\/p>\n\n\n\n<p class=\"has-mono-1-color has-text-color has-link-color has-superbfont-medium-font-size wp-elements-7b35f6acc31a7cc278e523395475abff\">C\u2019est un m\u00e9lange d\u2019intelligence collective, de soutien mutuel et de r\u00e9seau puissant, o\u00f9 chaque membre apporte autant qu\u2019il re\u00e7oit.<\/p>\n\n\n\n<p class=\"has-mono-1-color has-text-color has-link-color has-superbfont-medium-font-size wp-elements-8049c8c6fda7ec6df2bb95e3620a9821\">Un Mastermind est diff\u00e9rent d\u2019un r\u00e9seau traditionnel comme on en trouve beaucoup ou un r\u00e9seau de recommandation d&rsquo;affaires, o\u00f9 l\u2019objectif principal est le d\u00e9veloppement commercial \u00e0 travers des recommandations et l\u2019\u00e9change de contacts professionnels.<\/p>\n\n\n\n<p class=\"has-mono-1-color has-text-color has-link-color has-superbfont-medium-font-size wp-elements-43aa55801b3dca9c3b6bf98c6b920c9d\">Un Mastermind, en revanche, se concentre sur l\u2019intelligence collective et le soutien strat\u00e9gique.<\/p>\n\n\n\n<p class=\"has-mono-1-color has-text-color has-link-color has-superbfont-medium-font-size wp-elements-681c2eb04135f8f795f9afe00384bf6b\"> Il s\u2019agit de r\u00e9fl\u00e9chir ensemble \u00e0 vos probl\u00e9matiques, partager des id\u00e9es, et b\u00e9n\u00e9ficier des exp\u00e9riences des autres membres pour avancer dans vos projets. Ce n\u2019est pas uniquement un lieu pour trouver des clients, mais un espace pour grandir en tant qu\u2019entrepreneur, avec des \u00e9changes plus approfondis et une dynamique de groupe ax\u00e9e sur l\u2019entraide et la progression.<\/p>\n\n\n\n<p class=\"has-mono-1-color has-text-color has-link-color has-superbfont-medium-font-size wp-elements-a43fc750d93cb57566c0b0c8bc587a97\"><strong>Venez d\u00e9couvrir la puissance du Mastermind <\/strong>en testant, sans engagement, le fonctionnement de notre groupe.<\/p>\n\n\n\n<div class=\"wp-block-buttons is-layout-flex wp-block-buttons-is-layout-flex\" style=\"padding-top:var(--wp--preset--spacing--superbspacing-xsmall);padding-bottom:var(--wp--preset--spacing--superbspacing-xsmall)\">\n<div class=\"wp-block-button\"><a class=\"wp-block-button__link has-background has-superbfont-medium-font-size has-custom-font-size wp-element-button\" href=\"https:\/\/hemergens.fr\/index.php\/sinscrire-a-une-seance-de-decouverte\/\" style=\"background-color:#272a8b\">S&rsquo;inscrire \u00e0 une session de d\u00e9couverte<\/a><\/div>\n<\/div>\n\n\n\n<figure class=\"wp-block-gallery has-nested-images columns-default is-cropped wp-block-gallery-1 is-layout-flex wp-block-gallery-is-layout-flex\">\n<figure class=\"wp-block-image size-large\"><img loading=\"lazy\" decoding=\"async\" width=\"1024\" height=\"768\" data-id=\"919\" src=\"https:\/\/hemergens.fr\/wp-content\/uploads\/2025\/11\/Masterclass_Ludovic-Hamelin_16052025_Lahiz-7-1024x768.jpg\" alt=\"\" class=\"wp-image-919\" srcset=\"https:\/\/hemergens.fr\/wp-content\/uploads\/2025\/11\/Masterclass_Ludovic-Hamelin_16052025_Lahiz-7-1024x768.jpg 1024w, https:\/\/hemergens.fr\/wp-content\/uploads\/2025\/11\/Masterclass_Ludovic-Hamelin_16052025_Lahiz-7-300x225.jpg 300w, https:\/\/hemergens.fr\/wp-content\/uploads\/2025\/11\/Masterclass_Ludovic-Hamelin_16052025_Lahiz-7-768x576.jpg 768w, https:\/\/hemergens.fr\/wp-content\/uploads\/2025\/11\/Masterclass_Ludovic-Hamelin_16052025_Lahiz-7-1536x1152.jpg 1536w, https:\/\/hemergens.fr\/wp-content\/uploads\/2025\/11\/Masterclass_Ludovic-Hamelin_16052025_Lahiz-7-2048x1536.jpg 2048w\" sizes=\"auto, (max-width: 1024px) 100vw, 1024px\" \/><\/figure>\n\n\n\n<figure class=\"wp-block-image size-large\"><img loading=\"lazy\" decoding=\"async\" width=\"1024\" height=\"683\" data-id=\"917\" src=\"https:\/\/hemergens.fr\/wp-content\/uploads\/2025\/11\/2-556A4476-1024x683.jpg\" alt=\"\" class=\"wp-image-917\" srcset=\"https:\/\/hemergens.fr\/wp-content\/uploads\/2025\/11\/2-556A4476-1024x683.jpg 1024w, https:\/\/hemergens.fr\/wp-content\/uploads\/2025\/11\/2-556A4476-300x200.jpg 300w, https:\/\/hemergens.fr\/wp-content\/uploads\/2025\/11\/2-556A4476-768x512.jpg 768w, https:\/\/hemergens.fr\/wp-content\/uploads\/2025\/11\/2-556A4476-1536x1024.jpg 1536w, https:\/\/hemergens.fr\/wp-content\/uploads\/2025\/11\/2-556A4476-2048x1365.jpg 2048w\" sizes=\"auto, (max-width: 1024px) 100vw, 1024px\" \/><\/figure>\n\n\n\n<figure class=\"wp-block-image size-large\"><img loading=\"lazy\" decoding=\"async\" width=\"1024\" height=\"683\" data-id=\"918\" src=\"https:\/\/hemergens.fr\/wp-content\/uploads\/2025\/11\/6-556A4480-1024x683.jpg\" alt=\"\" class=\"wp-image-918\" srcset=\"https:\/\/hemergens.fr\/wp-content\/uploads\/2025\/11\/6-556A4480-1024x683.jpg 1024w, https:\/\/hemergens.fr\/wp-content\/uploads\/2025\/11\/6-556A4480-300x200.jpg 300w, https:\/\/hemergens.fr\/wp-content\/uploads\/2025\/11\/6-556A4480-768x512.jpg 768w, https:\/\/hemergens.fr\/wp-content\/uploads\/2025\/11\/6-556A4480-1536x1024.jpg 1536w, https:\/\/hemergens.fr\/wp-content\/uploads\/2025\/11\/6-556A4480-2048x1365.jpg 2048w\" sizes=\"auto, (max-width: 1024px) 100vw, 1024px\" \/><\/figure>\n\n\n\n<figure class=\"wp-block-image size-large\"><img loading=\"lazy\" decoding=\"async\" width=\"1024\" height=\"771\" data-id=\"920\" src=\"https:\/\/hemergens.fr\/wp-content\/uploads\/2025\/11\/IMG_20250926_151655-1024x771.jpg\" alt=\"\" class=\"wp-image-920\" srcset=\"https:\/\/hemergens.fr\/wp-content\/uploads\/2025\/11\/IMG_20250926_151655-1024x771.jpg 1024w, https:\/\/hemergens.fr\/wp-content\/uploads\/2025\/11\/IMG_20250926_151655-300x226.jpg 300w, https:\/\/hemergens.fr\/wp-content\/uploads\/2025\/11\/IMG_20250926_151655-768x578.jpg 768w, https:\/\/hemergens.fr\/wp-content\/uploads\/2025\/11\/IMG_20250926_151655-1536x1157.jpg 1536w, https:\/\/hemergens.fr\/wp-content\/uploads\/2025\/11\/IMG_20250926_151655-2048x1542.jpg 2048w\" sizes=\"auto, (max-width: 1024px) 100vw, 1024px\" \/><\/figure>\n\n\n\n<figure class=\"wp-block-image size-large\"><img loading=\"lazy\" decoding=\"async\" width=\"683\" height=\"1024\" data-id=\"922\" src=\"https:\/\/hemergens.fr\/wp-content\/uploads\/2025\/11\/4-556A4478-683x1024.jpg\" alt=\"\" class=\"wp-image-922\" srcset=\"https:\/\/hemergens.fr\/wp-content\/uploads\/2025\/11\/4-556A4478-683x1024.jpg 683w, https:\/\/hemergens.fr\/wp-content\/uploads\/2025\/11\/4-556A4478-200x300.jpg 200w, https:\/\/hemergens.fr\/wp-content\/uploads\/2025\/11\/4-556A4478-768x1152.jpg 768w, https:\/\/hemergens.fr\/wp-content\/uploads\/2025\/11\/4-556A4478-1024x1536.jpg 1024w, https:\/\/hemergens.fr\/wp-content\/uploads\/2025\/11\/4-556A4478-1365x2048.jpg 1365w, https:\/\/hemergens.fr\/wp-content\/uploads\/2025\/11\/4-556A4478-scaled.jpg 1707w\" sizes=\"auto, (max-width: 683px) 100vw, 683px\" \/><\/figure>\n<\/figure>\n\n\n\n<figure class=\"wp-block-gallery has-nested-images columns-default is-cropped wp-block-gallery-2 is-layout-flex wp-block-gallery-is-layout-flex\">\n<figure class=\"wp-block-image size-large is-resized\"><img loading=\"lazy\" decoding=\"async\" width=\"1024\" height=\"683\" data-id=\"926\" src=\"https:\/\/hemergens.fr\/wp-content\/uploads\/2025\/11\/2-556A4476-1-1024x683.jpg\" alt=\"\" class=\"wp-image-926\" style=\"width:589px;height:auto\" srcset=\"https:\/\/hemergens.fr\/wp-content\/uploads\/2025\/11\/2-556A4476-1-1024x683.jpg 1024w, https:\/\/hemergens.fr\/wp-content\/uploads\/2025\/11\/2-556A4476-1-300x200.jpg 300w, https:\/\/hemergens.fr\/wp-content\/uploads\/2025\/11\/2-556A4476-1-768x512.jpg 768w, https:\/\/hemergens.fr\/wp-content\/uploads\/2025\/11\/2-556A4476-1-1536x1024.jpg 1536w, https:\/\/hemergens.fr\/wp-content\/uploads\/2025\/11\/2-556A4476-1-2048x1365.jpg 2048w\" sizes=\"auto, (max-width: 1024px) 100vw, 1024px\" \/><\/figure>\n\n\n\n<figure class=\"wp-block-image size-large is-resized\"><img loading=\"lazy\" decoding=\"async\" width=\"1024\" height=\"771\" data-id=\"924\" src=\"https:\/\/hemergens.fr\/wp-content\/uploads\/2025\/11\/IMG_20250710_160515-1024x771.jpg\" alt=\"\" class=\"wp-image-924\" style=\"width:582px;height:auto\" srcset=\"https:\/\/hemergens.fr\/wp-content\/uploads\/2025\/11\/IMG_20250710_160515-1024x771.jpg 1024w, https:\/\/hemergens.fr\/wp-content\/uploads\/2025\/11\/IMG_20250710_160515-300x226.jpg 300w, https:\/\/hemergens.fr\/wp-content\/uploads\/2025\/11\/IMG_20250710_160515-768x578.jpg 768w, https:\/\/hemergens.fr\/wp-content\/uploads\/2025\/11\/IMG_20250710_160515-1536x1157.jpg 1536w, https:\/\/hemergens.fr\/wp-content\/uploads\/2025\/11\/IMG_20250710_160515-2048x1542.jpg 2048w\" sizes=\"auto, (max-width: 1024px) 100vw, 1024px\" \/><\/figure>\n<\/figure>\n\n\n\n<p class=\"has-text-color has-link-color has-superbfont-medium-font-size wp-elements-b4ad365485cc8afa94030843bbd8c87a\" style=\"color:#0d3c74\">Photos 2,3,5 et 6 : Agn\u00e8s Gelin &#8211; Tant de lumi\u00e8re-Photographie<\/p>\n\n\n\n<p><\/p>\n","protected":false},"excerpt":{"rendered":"<p>Un Mastermind est un groupe d\u2019entrepreneurs qui se r\u00e9unissent r\u00e9guli\u00e8rement pour partager leurs id\u00e9es, leurs exp\u00e9riences et leurs d\u00e9fis. Ensemble, ils s\u2019entraident pour trouver des solutions, progresser plus rapidement et atteindre leurs objectifs. C\u2019est un m\u00e9lange d\u2019intelligence collective, de soutien mutuel et de r\u00e9seau puissant, o\u00f9 chaque membre apporte autant qu\u2019il re\u00e7oit. Un Mastermind est [&hellip;]<\/p>\n","protected":false},"author":1,"featured_media":0,"parent":0,"menu_order":0,"comment_status":"closed","ping_status":"closed","template":"","meta":{"footnotes":""},"class_list":["post-753","page","type-page","status-publish","hentry"],"_links":{"self":[{"href":"https:\/\/hemergens.fr\/index.php\/wp-json\/wp\/v2\/pages\/753","targetHints":{"allow":["GET"]}}],"collection":[{"href":"https:\/\/hemergens.fr\/index.php\/wp-json\/wp\/v2\/pages"}],"about":[{"href":"https:\/\/hemergens.fr\/index.php\/wp-json\/wp\/v2\/types\/page"}],"author":[{"embeddable":true,"href":"https:\/\/hemergens.fr\/index.php\/wp-json\/wp\/v2\/users\/1"}],"replies":[{"embeddable":true,"href":"https:\/\/hemergens.fr\/index.php\/wp-json\/wp\/v2\/comments?post=753"}],"version-history":[{"count":19,"href":"https:\/\/hemergens.fr\/index.php\/wp-json\/wp\/v2\/pages\/753\/revisions"}],"predecessor-version":[{"id":930,"href":"https:\/\/hemergens.fr\/index.php\/wp-json\/wp\/v2\/pages\/753\/revisions\/930"}],"wp:attachment":[{"href":"https:\/\/hemergens.fr\/index.php\/wp-json\/wp\/v2\/media?parent=753"}],"curies":[{"name":"wp","href":"https:\/\/api.w.org\/{rel}","templated":true}]}}