{"id":850,"date":"2025-03-22T16:35:08","date_gmt":"2025-03-22T15:35:08","guid":{"rendered":"https:\/\/hemergens.fr\/?page_id=850"},"modified":"2026-02-19T09:33:51","modified_gmt":"2026-02-19T08:33:51","slug":"sinscrire-a-une-seance-de-decouverte","status":"publish","type":"page","link":"https:\/\/hemergens.fr\/index.php\/sinscrire-a-une-seance-de-decouverte\/","title":{"rendered":"S\u2019inscrire \u00e0 une s\u00e9ance de d\u00e9couverte"},"content":{"rendered":"\n<p class=\"has-mono-1-color has-text-color has-link-color has-superbfont-medium-font-size wp-elements-8bee0953ac852f898e1339514bff60d7\">Les s\u00e9ances de d\u00e9couvertes sont destin\u00e9es \u00e0 tester le format <strong>MasterMind <\/strong>et sont <strong>sans engagement ult\u00e9rieur<\/strong>, n&rsquo;h\u00e9sitez pas \u00e0 vous inscrire et rejoindre, le temps d&rsquo;une journ\u00e9e de travail, notre groupe.<\/p>\n\n\n\n<p class=\"has-mono-1-color has-text-color has-link-color has-superbfont-medium-font-size wp-elements-a5c756a655f41d6458ad33f8a006731d\">Venez tester la puissance du <strong>MasterMind<\/strong> au cours de la prochaine s\u00e9ance :<\/p>\n\n\n\n<ul class=\"wp-block-list\">\n<li class=\"has-mono-1-color has-text-color has-link-color has-superbfont-medium-font-size wp-elements-00d5fe8e174972f84df2df98a6447c85\">le 3 avril 2026 : <a href=\"https:\/\/my.weezevent.com\/session-de-mastermind-3-avril-2026\">https:\/\/my.weezevent.com\/session-de-mastermind-3-avril-2026<\/a><\/li>\n<\/ul>\n\n\n\n<div class=\"wp-block-buttons is-layout-flex wp-block-buttons-is-layout-flex\">\n<div class=\"wp-block-button\"><a class=\"wp-block-button__link has-mono-1-background-color has-background wp-element-button\" href=\"https:\/\/hemergens.fr\/index.php\/contactez-moi\/\">Me contacter<\/a><\/div>\n<\/div>\n\n\n\n<p><\/p>\n","protected":false},"excerpt":{"rendered":"<p>Les s\u00e9ances de d\u00e9couvertes sont destin\u00e9es \u00e0 tester le format MasterMind et sont sans engagement ult\u00e9rieur, n&rsquo;h\u00e9sitez pas \u00e0 vous inscrire et rejoindre, le temps d&rsquo;une journ\u00e9e de travail, notre groupe. Venez tester la puissance du MasterMind au cours de la prochaine s\u00e9ance :<\/p>\n","protected":false},"author":1,"featured_media":0,"parent":0,"menu_order":0,"comment_status":"closed","ping_status":"closed","template":"","meta":{"footnotes":""},"class_list":["post-850","page","type-page","status-publish","hentry"],"_links":{"self":[{"href":"https:\/\/hemergens.fr\/index.php\/wp-json\/wp\/v2\/pages\/850","targetHints":{"allow":["GET"]}}],"collection":[{"href":"https:\/\/hemergens.fr\/index.php\/wp-json\/wp\/v2\/pages"}],"about":[{"href":"https:\/\/hemergens.fr\/index.php\/wp-json\/wp\/v2\/types\/page"}],"author":[{"embeddable":true,"href":"https:\/\/hemergens.fr\/index.php\/wp-json\/wp\/v2\/users\/1"}],"replies":[{"embeddable":true,"href":"https:\/\/hemergens.fr\/index.php\/wp-json\/wp\/v2\/comments?post=850"}],"version-history":[{"count":14,"href":"https:\/\/hemergens.fr\/index.php\/wp-json\/wp\/v2\/pages\/850\/revisions"}],"predecessor-version":[{"id":932,"href":"https:\/\/hemergens.fr\/index.php\/wp-json\/wp\/v2\/pages\/850\/revisions\/932"}],"wp:attachment":[{"href":"https:\/\/hemergens.fr\/index.php\/wp-json\/wp\/v2\/media?parent=850"}],"curies":[{"name":"wp","href":"https:\/\/api.w.org\/{rel}","templated":true}]}}